{"id":61,"date":"2024-03-07T13:44:03","date_gmt":"2024-03-07T13:44:03","guid":{"rendered":"https:\/\/grandex.ba\/?page_id=61"},"modified":"2024-03-07T13:44:03","modified_gmt":"2024-03-07T13:44:03","slug":"pravila-o-privatnosti","status":"publish","type":"page","link":"https:\/\/grandex.ba\/index.php\/pravila-o-privatnosti\/","title":{"rendered":"Pravila o privatnosti"},"content":{"rendered":"\n<p>Zadnje a\u017euriranje: 7. o\u017eujka 2024.<\/p>\n\n\n\n<p>Ova Pravila o privatnosti opisuju na\u0161a pravila i postupke o prikupljanju, kori\u0161tenju i otkrivanju va\u0161ih podataka kada koristite uslugu i govore vam o va\u0161im pravima na privatnost i kako vas zakon \u0161titi.<\/p>\n\n\n\n<p>Koristimo va\u0161e osobne podatke za pru\u017eanje i pobolj\u0161anje usluge. Kori\u0161tenjem usluge pristajete na prikupljanje i kori\u0161tenje informacija u skladu s ovom Politikom privatnosti.<\/p>\n\n\n\n<h2 class=\"wp-block-heading\">Tuma\u010denje i definicije<\/h2>\n\n\n\n<h3 class=\"wp-block-heading\">Tuma\u010denje<\/h3>\n\n\n\n<p>Rije\u010di \u010dije je po\u010detno slovo veliko imaju zna\u010denja definirana pod sljede\u0107im uvjetima. Sljede\u0107e definicije imaju isto zna\u010denje bez obzira na to pojavljuju li se u jednini ili mno\u017eini.<\/p>\n\n\n\n<h3 class=\"wp-block-heading\">Definicije<\/h3>\n\n\n\n<p>Za potrebe ovih Pravila o privatnosti:<\/p>\n\n\n\n<ul class=\"wp-block-list\">\n<li><strong>Ra\u010dun<\/strong> zna\u010di jedinstveni ra\u010dun kreiran za vas za pristup na\u0161oj usluzi ili dijelovima na\u0161e usluge.<\/li>\n\n\n\n<li><strong>Dru\u0161tvo<\/strong> odnosi se na Grandex d.o.o., Herceg Stjepana Kosa\u010de 17, Posu\u0161je 88240, Bosna i Hercegovina.<\/li>\n\n\n\n<li><strong>Kola\u010di\u0107i<\/strong> male su datoteke koje web-mjesto postavlja na va\u0161e ra\u010dunalo, mobilni ure\u0111aj ili bilo koji drugi ure\u0111aj, a sadr\u017ee pojedinosti o va\u0161oj povijesti pregledavanja na tom web-mjestu me\u0111u brojnim upotrebama.<\/li>\n\n\n\n<li><strong>Dr\u017eava<\/strong> se odnosi na: Bosnu i Hercegovinu<\/li>\n\n\n\n<li><strong>Ure\u0111aj<\/strong> zna\u010di bilo koji ure\u0111aj koji mo\u017ee pristupiti Usluzi, poput ra\u010dunala, mobilnog telefona ili digitalnog tableta.<\/li>\n\n\n\n<li><strong>Osobni podaci<\/strong> su sve informacije koje se odnose na identificiranu osobu ili osobu koju je mogu\u0107e identificirati.<\/li>\n\n\n\n<li><strong>Usluga<\/strong> odnosi se na web mjesto.<\/li>\n\n\n\n<li><strong>Pru\u017eatelj usluga<\/strong> ozna\u010dava svaku fizi\u010dku ili pravnu osobu koja obra\u0111uje podatke u ime Dru\u0161tva. Odnosi se na tvrtke tre\u0107e strane ili pojedince zaposlene u Tvrtki za olak\u0161avanje Usluge, za pru\u017eanje Usluge u ime Tvrtke, za obavljanje usluga povezanih s Uslugom ili za pomo\u0107 Dru\u0161tvu u analizi na\u010dina na koji se Usluga koristi.<\/li>\n\n\n\n<li><strong>Podaci o kori\u0161tenju<\/strong> odnose se na podatke prikupljene automatski, bilo generirane kori\u0161tenjem usluge ili iz same infrastrukture usluge (na primjer, trajanje posjeta stranici).<\/li>\n\n\n\n<li><strong>Web stranica<\/strong> se odnosi na Grandex d.o.o., dostupna sa <a href=\"grandex.ba\" rel=\"noreferrer noopener\" target=\"_blank\">grandex.ba<\/a><\/li>\n\n\n\n<li><strong>Vi<\/strong> zna\u010di pojedinac koji pristupa ili koristi uslugu, ili tvrtku ili drugu pravnu osobu u ime koje ta osoba pristupa ili koristi uslugu, ovisno o tome \u0161to je primjenjivo.<\/li>\n<\/ul>\n\n\n\n<h2 class=\"wp-block-heading\">Prikupljanje i kori\u0161tenje va\u0161ih osobnih podataka<\/h2>\n\n\n\n<h3 class=\"wp-block-heading\">Vrste prikupljenih podataka<\/h3>\n\n\n\n<h4 class=\"wp-block-heading\">Osobni podaci<\/h4>\n\n\n\n<p>Dok koristite na\u0161u uslugu, mo\u017eemo od vas tra\u017eiti da nam dostavite odre\u0111ene osobne podatke koji se mogu koristiti za kontakt ili identifikaciju. Podaci koji mogu identificirati osobu mogu uklju\u010divati, ali nisu ograni\u010deni na:<\/p>\n\n\n\n<ul class=\"wp-block-list\">\n<li>Adresa e-po\u0161te<\/li>\n\n\n\n<li>Ime i prezime<\/li>\n\n\n\n<li>Podaci o kori\u0161tenju<\/li>\n<\/ul>\n\n\n\n<h4 class=\"wp-block-heading\">Podaci o kori\u0161tenju<\/h4>\n\n\n\n<p>Podaci o kori\u0161tenju prikupljaju se automatski prilikom kori\u0161tenja usluge.<\/p>\n\n\n\n<p>Podaci o kori\u0161tenju mogu uklju\u010divati informacije kao \u0161to su adresa internetskog protokola va\u0161eg ure\u0111aja (npr. IP adresa), vrsta preglednika, verzija preglednika, stranice na\u0161e usluge koje posje\u0107ujete, vrijeme i datum va\u0161eg posjeta, vrijeme provedeno na tim stranicama , jedinstvene identifikatore ure\u0111aja i druge dijagnosti\u010dke podatke.<\/p>\n\n\n\n<p>Kada Usluzi pristupite pomo\u0107u mobilnog ure\u0111aja ili putem njega, mo\u017eemo automatski prikupiti odre\u0111ene podatke, uklju\u010duju\u0107i, ali ne ograni\u010davaju\u0107i se na vrstu mobilnog ure\u0111aja koji koristite, jedinstveni ID va\u0161eg mobilnog ure\u0111aja, IP adresu va\u0161eg mobilnog ure\u0111aja , Va\u0161 mobilni operativni sustav, vrsta mobilnog internetskog preglednika koji koristite, jedinstveni identifikatori ure\u0111aja i drugi dijagnosti\u010dki podaci.<\/p>\n\n\n\n<p>Tako\u0111er mo\u017eemo prikupljati informacije koje Va\u0161 preglednik \u0161alje kad god posjetite na\u0161u Uslugu ili kada Usluzi pristupate putem mobilnog ure\u0111aja.<\/p>\n\n\n\n<h4 class=\"wp-block-heading\">Tehnologije pra\u0107enja i kola\u010di\u0107i<\/h4>\n\n\n\n<p>Koristimo kola\u010di\u0107e i sli\u010dne tehnologije pra\u0107enja za pra\u0107enje aktivnosti na na\u0161oj usluzi i pohranjivanje odre\u0111enih informacija. Tehnologije pra\u0107enja koje se koriste su svjetionici, oznake i skripte za prikupljanje i pra\u0107enje informacija te za pobolj\u0161anje i analizu na\u0161e usluge. Tehnologije koje koristimo mogu uklju\u010divati:<\/p>\n\n\n\n<ul class=\"wp-block-list\">\n<li><strong>Kola\u010di\u0107i ili kola\u010di\u0107i preglednika.<\/strong> Kola\u010di\u0107 je mala datoteka smje\u0161tena na va\u0161 ure\u0111aj. Mo\u017eete uputiti svoj preglednik da odbije all Kola\u010di\u0107i ili za ozna\u010davanje kada se kola\u010di\u0107 \u0161alje. Me\u0111utim, ako ne prihva\u0107ate kola\u010di\u0107e, mo\u017eda ne\u0107ete mo\u0107i koristiti neke dijelove na\u0161e usluge. Osim ako niste prilagodili postavke svog preglednika tako da odbija kola\u010di\u0107e, na\u0161a usluga mo\u017ee koristiti kola\u010di\u0107e.<\/li>\n\n\n\n<li><strong>Web beacons.<\/strong> Odre\u0111eni dijelovi na\u0161e usluge i na\u0161e e-po\u0161te mogu sadr\u017eavati male elektroni\u010dke datoteke poznate kao web beacons (tako\u0111er se nazivaju \u010distim gifovima, oznakama piksela i gifovima od jednog piksela) koje dopu\u0161taju Tvrtka, na primjer, za brojanje korisnika koji su posjetili te stranice ili otvorili e-po\u0161tu i za druge povezane statistike web stranica (na primjer, bilje\u017eenje popularnosti odre\u0111enog odjeljka i provjera integriteta sustava i poslu\u017eitelja).<\/li>\n<\/ul>\n\n\n\n<p>Kola\u010di\u0107i mogu biti &#8220;Trajni&#8221; ili &#8220;Sesija&#8221; Kola\u010di\u0107i. Trajni kola\u010di\u0107i ostaju na Va\u0161em osobnom ra\u010dunalu ili mobilnom ure\u0111aju kada ste izvan mre\u017ee, dok se kola\u010di\u0107i sesije bri\u0161u \u010dim zatvorite svoj web preglednik. Mo\u017eete saznati vi\u0161e o kola\u010di\u0107ima u \u010dlanku <a href=\"https:\/\/www.termsfeed.com\/blog\/cookies\/#What_Are_Cookies\" target=\"_blank\" rel=\"noreferrer noopener\">Web stranice TermsFeed<\/a>.<\/p>\n\n\n\n<p>Koristimo i sesijske i trajne kola\u010di\u0107e u svrhe navedene u nastavku:<\/p>\n\n\n\n<ul class=\"wp-block-list\">\n<li><strong>Neophodni\/bitni kola\u010di\u0107i<\/strong> Vrsta: kola\u010di\u0107i sesije Upravlja: mi Svrha: Ovi su kola\u010di\u0107i klju\u010dni kako bi vam pru\u017eili usluge dostupne putem web stranice i kako bi vam omogu\u0107ili kori\u0161tenje nekih njezinih zna\u010dajki. Poma\u017eu u autentifikaciji korisnika i sprje\u010davaju la\u017eno kori\u0161tenje korisni\u010dkih ra\u010duna. Bez ovih kola\u010di\u0107a, usluge koje ste tra\u017eili ne mogu se pru\u017eiti, a mi koristimo ove kola\u010di\u0107e samo da bismo vam pru\u017eili te usluge.<\/li>\n\n\n\n<li><strong>Pravila o kola\u010di\u0107ima\/Kola\u010di\u0107i za prihva\u0107anje obavijesti<\/strong> Vrsta: trajni kola\u010di\u0107i Upravlja: mi Svrha: Ovi kola\u010di\u0107i identificiraju jesu li korisnici prihvatili kori\u0161tenje kola\u010di\u0107a na web stranici.<\/li>\n\n\n\n<li><strong>Kola\u010di\u0107i za funkcionalnost<\/strong> Vrsta: trajni kola\u010di\u0107i Upravlja: mi Svrha: Ovi nam kola\u010di\u0107i omogu\u0107uju pam\u0107enje izbora koje napravite kada koristite web stranicu, kao \u0161to je pam\u0107enje va\u0161ih podataka za prijavu ili postavki jezika. Svrha ovih kola\u010di\u0107a je pru\u017eiti Vam osobnije iskustvo i izbje\u0107i da morate ponovno unositi svoje postavke svaki put kada koristite web stranicu.<\/li>\n<\/ul>\n\n\n\n<p>Za vi\u0161e informacija o kola\u010di\u0107ima koje koristimo i va\u0161im izborima u vezi s kola\u010di\u0107ima, posjetite na\u0161a Pravila o kola\u010di\u0107ima ili odjeljak o kola\u010di\u0107ima u na\u0161im Pravilima o privatnosti.<\/p>\n\n\n\n<h3 class=\"wp-block-heading\">Kori\u0161tenje Va\u0161ih osobnih podataka<\/h3>\n\n\n\n<p>Dru\u0161tvo mo\u017ee koristiti osobne podatke u sljede\u0107e svrhe:<\/p>\n\n\n\n<ul class=\"wp-block-list\">\n<li><strong>Za pru\u017eanje i odr\u017eavanje na\u0161e usluge<\/strong>, uklju\u010duju\u0107i pra\u0107enje upotrebe na\u0161e usluge.<\/li>\n\n\n\n<li><strong>Za upravljanje va\u0161im ra\u010dunom:<\/strong> za upravljanje va\u0161om registracijom kao korisnika usluge. Osobni podaci koje navedete mogu vam omogu\u0107iti pristup razli\u010ditim funkcionalnostima usluge koje su vam dostupne kao registriranom korisniku.<\/li>\n\n\n\n<li><strong>Za izvr\u0161enje ugovora:<\/strong> razvoj, uskla\u0111enost i preuzimanje kupoprodajnog ugovora za proizvode, artikle ili usluge koje ste kupili ili bilo kojeg drugog ugovora s nama putem Usluge.<\/li>\n\n\n\n<li><strong>Da bismo vas kontaktirali:<\/strong> da bismo vas kontaktirali e-po\u0161tom, telefonskim pozivima, SMS-om ili drugim ekvivalentnim oblicima elektroni\u010dke komunikacije, kao \u0161to su push obavijesti mobilne aplikacije u vezi s a\u017euriranjima ili informativne komunikacije povezane s funkcionalnostima, proizvode ili ugovorene usluge, uklju\u010duju\u0107i sigurnosna a\u017euriranja, kada je to potrebno ili razumno za njihovu implementaciju.<\/li>\n\n\n\n<li><strong>Da bismo vam<\/strong> pru\u017eili novosti, posebne ponude i op\u0107enite informacije o drugim proizvodima, uslugama i doga\u0111ajima koje nudimo, a koji su sli\u010dni onima koje ste ve\u0107 kupili ili se raspitivali o njima, osim ako niste odabrali primiti takve informacije.<\/li>\n\n\n\n<li><strong>Za upravljanje va\u0161im zahtjevima:<\/strong> za pra\u0107enje i upravljanje va\u0161im zahtjevima nama.<\/li>\n\n\n\n<li><strong>U druge svrhe<\/strong>: Va\u0161e podatke mo\u017eemo koristiti u druge svrhe, kao \u0161to je analiza podataka, prepoznavanje trendova kori\u0161tenja, odre\u0111ivanje u\u010dinkovitosti na\u0161ih promotivnih kampanja te za procjenu i pobolj\u0161anje na\u0161e Usluge, proizvoda, usluga , marketing i va\u0161e iskustvo.<\/li>\n<\/ul>\n\n\n\n<h3 class=\"wp-block-heading\">Zadr\u017eavanje va\u0161ih osobnih podataka<\/h3>\n\n\n\n<p>Dru\u0161tvo \u0107e zadr\u017eati va\u0161e osobne podatke samo onoliko dugo koliko je potrebno za svrhe navedene u ovoj Politici privatnosti. Zadr\u017eat \u0107emo i koristiti va\u0161e osobne podatke u mjeri u kojoj je to potrebno za ispunjavanje na\u0161ih zakonskih obveza (na primjer, ako smo du\u017eni zadr\u017eati va\u0161e podatke kako bismo bili u skladu s primjenjivim zakonima), rje\u0161avanje sporova i provo\u0111enje na\u0161ih pravnih ugovora i politika.<\/p>\n\n\n\n<p>Tvrtka \u0107e tako\u0111er zadr\u017eati podatke o kori\u0161tenju za potrebe interne analize. Podaci o kori\u0161tenju op\u0107enito se \u010duvaju kra\u0107e vremensko razdoblje, osim kada se ti podaci koriste za ja\u010danje sigurnosti ili pobolj\u0161anje funkcionalnosti na\u0161e usluge, ili kada smo zakonski obvezni \u010duvati te podatke dulje vremensko razdoblje.<\/p>\n\n\n\n<h3 class=\"wp-block-heading\">Prijenos va\u0161ih osobnih podataka<\/h3>\n\n\n\n<p>Va\u0161i podaci, uklju\u010duju\u0107i osobne podatke, obra\u0111uju se u poslovnim uredima Dru\u0161tva i na svim drugim mjestima gdje se nalaze strane uklju\u010dene u obradu. To zna\u010di da se ti podaci mogu prenijeti na \u2014 i odr\u017eavati na \u2014 ra\u010dunalima koja se nalaze izvan va\u0161e dr\u017eave, pokrajine, dr\u017eave ili druge vladine jurisdikcije gdje se zakoni o za\u0161titi podataka mogu razlikovati od onih iz va\u0161e jurisdikcije.<\/p>\n\n\n\n<p>Va\u0161 pristanak na ovu Politiku privatnosti nakon kojeg slijedi Va\u0161e podno\u0161enje takvih informacija predstavlja Va\u0161 pristanak na taj prijenos.<\/p>\n\n\n\n<p>Tvrtka \u0107e poduzeti sve razumno potrebne korake kako bi osigurala da se s Va\u0161im podacima postupa sigurno i u skladu s ovom Politikom privatnosti i ne\u0107e do\u0107i do prijenosa Va\u0161ih osobnih podataka u organizaciju ili dr\u017eavu osim ako postoje odgovaraju\u0107e kontrole uklju\u010duju\u0107i sigurnost Va\u0161ih podataka i drugih osobnih informacija.<\/p>\n\n\n\n<h3 class=\"wp-block-heading\">Izbri\u0161ite svoje osobne podatke<\/h3>\n\n\n\n<p>Imate pravo izbrisati ili zatra\u017eiti da vam pomognemo u brisanju osobnih podataka koje smo prikupili o vama.<\/p>\n\n\n\n<p>Na\u0161a Vam usluga mo\u017ee dati mogu\u0107nost brisanja odre\u0111enih informacija o Vama unutar Usluge.<\/p>\n\n\n\n<p>Mo\u017eete a\u017eurirati, izmijeniti ili izbrisati svoje podatke u bilo kojem trenutku tako da se prijavite na svoj ra\u010dun, ako ga imate, i posjetite odjeljak postavki ra\u010duna koji vam omogu\u0107uje upravljanje va\u0161im osobnim podacima. Tako\u0111er nas mo\u017eete kontaktirati kako biste zatra\u017eili pristup, ispravak ili brisanje osobnih podataka koje ste nam dali.<\/p>\n\n\n\n<p>Me\u0111utim, imajte na umu da \u0107emo mo\u017eda trebati zadr\u017eati odre\u0111ene podatke kada za to imamo zakonsku obvezu ili zakonsku osnovu.<\/p>\n\n\n\n<h3 class=\"wp-block-heading\">Otkrivanje va\u0161ih osobnih podataka<\/h3>\n\n\n\n<h4 class=\"wp-block-heading\">Poslovne transakcije<\/h4>\n\n\n\n<p>Ako je tvrtka uklju\u010dena u spajanje, akviziciju ili prodaju imovine, va\u0161i osobni podaci mogu biti preneseni. Poslat \u0107emo obavijest prije nego \u0161to se Va\u0161i osobni podaci prenesu i postanu podlo\u017eni razli\u010ditim Pravilima o privatnosti.<\/p>\n\n\n\n<h4 class=\"wp-block-heading\">Provedba zakona<\/h4>\n\n\n\n<p>Pod odre\u0111enim okolnostima, od Dru\u0161tva se mo\u017ee tra\u017eiti da otkrije Va\u0161e osobne podatke ako to zahtijeva zakon ili kao odgovor na valjane zahtjeve javnih tijela (npr. suda ili vladine agencije).<\/p>\n\n\n\n<h4 class=\"wp-block-heading\">Ostali pravni zahtjevi<\/h4>\n\n\n\n<p>Dru\u0161tvo mo\u017ee otkriti Va\u0161e osobne podatke u dobroj vjeri da je takva radnja neophodna za:<\/p>\n\n\n\n<ul class=\"wp-block-list\">\n<li>Po\u0161tujte zakonsku obvezu<\/li>\n\n\n\n<li>\u0160tititi i braniti prava ili imovinu Dru\u0161tva<\/li>\n\n\n\n<li>Sprije\u010diti ili istra\u017eiti mogu\u0107e zlouporabe u vezi s uslugom<\/li>\n\n\n\n<li>Za\u0161tititi osobnu sigurnost korisnika usluge ili javnosti<\/li>\n\n\n\n<li>Za\u0161titite od pravne odgovornosti<\/li>\n<\/ul>\n\n\n\n<h3 class=\"wp-block-heading\">Sigurnost Va\u0161ih osobnih podataka<\/h3>\n\n\n\n<p>Sigurnost Va\u0161ih osobnih podataka va\u017ena nam je, ali imajte na umu da nijedna metoda prijenosa putem interneta ili metoda elektroni\u010dke pohrane nije 100% sigurna. Iako nastojimo koristiti komercijalno prihvatljiva sredstva za za\u0161titu Va\u0161ih osobnih podataka, ne mo\u017eemo jam\u010diti njihovu apsolutnu sigurnost.<\/p>\n\n\n\n<h2 class=\"wp-block-heading\">Veze na druge web stranice<\/h2>\n\n\n\n<p>Na\u0161a usluga mo\u017ee sadr\u017eavati veze na druge web stranice kojima mi ne upravljamo. Ako kliknete na poveznicu tre\u0107e strane, bit \u0107ete preusmjereni na stranicu te tre\u0107e strane. Toplo vam savjetujemo da pregledate Pravila privatnosti svake web stranice koju posjetite.<\/p>\n\n\n\n<p>Nemamo kontrolu i ne preuzimamo odgovornost za sadr\u017eaj, pravila o privatnosti ili praksu bilo kojih web-mjesta ili usluga tre\u0107ih strana.<\/p>\n\n\n\n<h2 class=\"wp-block-heading\">Promjene ovih Pravila o privatnosti<\/h2>\n\n\n\n<p>S vremena na vrijeme mo\u017eemo a\u017eurirati na\u0161a Pravila o privatnosti. Obavijestit \u0107emo vas o svim promjenama objavljivanjem novih Pravila privatnosti na ovoj stranici.<\/p>\n\n\n\n<p>Savjetujemo vam da povremeno pregledate ovu Politiku privatnosti radi eventualnih promjena. Promjene ovih Pravila o privatnosti stupaju na snagu kada se objave na ovoj stranici.<\/p>\n\n\n\n<h2 class=\"wp-block-heading\">Kontaktirajte nas<\/h2>\n\n\n\n<p>Ako imate pitanja o ovim Pravilima privatnosti, mo\u017eete nas kontaktirati:<\/p>\n\n\n\n<ul class=\"wp-block-list\">\n<li>E-po\u0161tom: grandexposusje@gmail.com<\/li>\n\n\n\n<li>Posjetom ove stranice na na\u0161oj web stranici: <a href=\"grandex.ba\/kontakt\" rel=\"noreferrer noopener\" target=\"_blank\">grandex.ba\/kontakt<\/a><\/li>\n<\/ul>\n\n\n\n<p><\/p>\n","protected":false},"excerpt":{"rendered":"<p>Zadnje a\u017euriranje: 7. o\u017eujka 2024. Ova Pravila o privatnosti opisuju na\u0161a pravila i postupke o prikupljanju, kori\u0161tenju i otkrivanju va\u0161ih podataka kada koristite uslugu i govore vam o va\u0161im pravima na privatnost i kako vas zakon \u0161titi. Koristimo va\u0161e osobne podatke za pru\u017eanje i pobolj\u0161anje usluge. Kori\u0161tenjem usluge pristajete na prikupljanje i kori\u0161tenje informacija u [&hellip;]<\/p>\n","protected":false},"author":1,"featured_media":0,"parent":0,"menu_order":0,"comment_status":"closed","ping_status":"closed","template":"","meta":{"footnotes":""},"class_list":["post-61","page","type-page","status-publish","hentry"],"yoast_head":"<!-- This site is optimized with the Yoast SEO plugin v27.3 - https:\/\/yoast.com\/product\/yoast-seo-wordpress\/ -->\n<title>Pravila o privatnosti - Grandex Posu\u0161je<\/title>\n<meta name=\"description\" content=\"Grandex lokalni prodajni tim za AdBlue tu je da vam pru\u017ei svoju stru\u010dnost. Bilo da ste preprodava\u010d, vlasnik dvori\u0161ta ili benzinske postaje ili komercijalni operater voznog parka, mo\u017eete ra\u010dunati na nas.\" \/>\n<meta name=\"robots\" content=\"index, follow, max-snippet:-1, max-image-preview:large, max-video-preview:-1\" \/>\n<link rel=\"canonical\" href=\"https:\/\/grandex.ba\/index.php\/pravila-o-privatnosti\/\" \/>\n<meta property=\"og:locale\" content=\"en_US\" \/>\n<meta property=\"og:type\" content=\"article\" \/>\n<meta property=\"og:title\" content=\"Pravila o privatnosti - Grandex Posu\u0161je\" \/>\n<meta property=\"og:description\" content=\"Grandex lokalni prodajni tim za AdBlue tu je da vam pru\u017ei svoju stru\u010dnost. Bilo da ste preprodava\u010d, vlasnik dvori\u0161ta ili benzinske postaje ili komercijalni operater voznog parka, mo\u017eete ra\u010dunati na nas.\" \/>\n<meta property=\"og:url\" content=\"https:\/\/grandex.ba\/index.php\/pravila-o-privatnosti\/\" \/>\n<meta property=\"og:site_name\" content=\"Grandex Posu\u0161je\" \/>\n<meta property=\"article:publisher\" content=\"https:\/\/www.facebook.com\/grandexposusje\/\" \/>\n<meta name=\"twitter:card\" content=\"summary_large_image\" \/>\n<meta name=\"twitter:label1\" content=\"Est. reading time\" \/>\n\t<meta name=\"twitter:data1\" content=\"11 minutes\" \/>\n<script type=\"application\/ld+json\" class=\"yoast-schema-graph\">{\"@context\":\"https:\\\/\\\/schema.org\",\"@graph\":[{\"@type\":\"WebPage\",\"@id\":\"https:\\\/\\\/grandex.ba\\\/index.php\\\/pravila-o-privatnosti\\\/\",\"url\":\"https:\\\/\\\/grandex.ba\\\/index.php\\\/pravila-o-privatnosti\\\/\",\"name\":\"Pravila o privatnosti - Grandex Posu\u0161je\",\"isPartOf\":{\"@id\":\"https:\\\/\\\/grandex.ba\\\/#website\"},\"datePublished\":\"2024-03-07T13:44:03+00:00\",\"description\":\"Grandex lokalni prodajni tim za AdBlue tu je da vam pru\u017ei svoju stru\u010dnost. Bilo da ste preprodava\u010d, vlasnik dvori\u0161ta ili benzinske postaje ili komercijalni operater voznog parka, mo\u017eete ra\u010dunati na nas.\",\"breadcrumb\":{\"@id\":\"https:\\\/\\\/grandex.ba\\\/index.php\\\/pravila-o-privatnosti\\\/#breadcrumb\"},\"inLanguage\":\"en-US\",\"potentialAction\":[{\"@type\":\"ReadAction\",\"target\":[\"https:\\\/\\\/grandex.ba\\\/index.php\\\/pravila-o-privatnosti\\\/\"]}]},{\"@type\":\"BreadcrumbList\",\"@id\":\"https:\\\/\\\/grandex.ba\\\/index.php\\\/pravila-o-privatnosti\\\/#breadcrumb\",\"itemListElement\":[{\"@type\":\"ListItem\",\"position\":1,\"name\":\"Home\",\"item\":\"https:\\\/\\\/grandex.ba\\\/\"},{\"@type\":\"ListItem\",\"position\":2,\"name\":\"Pravila o privatnosti\"}]},{\"@type\":\"WebSite\",\"@id\":\"https:\\\/\\\/grandex.ba\\\/#website\",\"url\":\"https:\\\/\\\/grandex.ba\\\/\",\"name\":\"Grandex Posu\u0161je\",\"description\":\"Va\u0161 parnter za AdBlue aditiv\",\"publisher\":{\"@id\":\"https:\\\/\\\/grandex.ba\\\/#organization\"},\"potentialAction\":[{\"@type\":\"SearchAction\",\"target\":{\"@type\":\"EntryPoint\",\"urlTemplate\":\"https:\\\/\\\/grandex.ba\\\/?s={search_term_string}\"},\"query-input\":{\"@type\":\"PropertyValueSpecification\",\"valueRequired\":true,\"valueName\":\"search_term_string\"}}],\"inLanguage\":\"en-US\"},{\"@type\":\"Organization\",\"@id\":\"https:\\\/\\\/grandex.ba\\\/#organization\",\"name\":\"Grandex Posu\u0161je\",\"url\":\"https:\\\/\\\/grandex.ba\\\/\",\"logo\":{\"@type\":\"ImageObject\",\"inLanguage\":\"en-US\",\"@id\":\"https:\\\/\\\/grandex.ba\\\/#\\\/schema\\\/logo\\\/image\\\/\",\"url\":\"https:\\\/\\\/grandex.ba\\\/wp-content\\\/uploads\\\/2024\\\/03\\\/grandex-logo-1.png\",\"contentUrl\":\"https:\\\/\\\/grandex.ba\\\/wp-content\\\/uploads\\\/2024\\\/03\\\/grandex-logo-1.png\",\"width\":982,\"height\":240,\"caption\":\"Grandex Posu\u0161je\"},\"image\":{\"@id\":\"https:\\\/\\\/grandex.ba\\\/#\\\/schema\\\/logo\\\/image\\\/\"},\"sameAs\":[\"https:\\\/\\\/www.facebook.com\\\/grandexposusje\\\/\"]}]}<\/script>\n<!-- \/ Yoast SEO plugin. -->","yoast_head_json":{"title":"Pravila o privatnosti - Grandex Posu\u0161je","description":"Grandex lokalni prodajni tim za AdBlue tu je da vam pru\u017ei svoju stru\u010dnost. Bilo da ste preprodava\u010d, vlasnik dvori\u0161ta ili benzinske postaje ili komercijalni operater voznog parka, mo\u017eete ra\u010dunati na nas.","robots":{"index":"index","follow":"follow","max-snippet":"max-snippet:-1","max-image-preview":"max-image-preview:large","max-video-preview":"max-video-preview:-1"},"canonical":"https:\/\/grandex.ba\/index.php\/pravila-o-privatnosti\/","og_locale":"en_US","og_type":"article","og_title":"Pravila o privatnosti - Grandex Posu\u0161je","og_description":"Grandex lokalni prodajni tim za AdBlue tu je da vam pru\u017ei svoju stru\u010dnost. Bilo da ste preprodava\u010d, vlasnik dvori\u0161ta ili benzinske postaje ili komercijalni operater voznog parka, mo\u017eete ra\u010dunati na nas.","og_url":"https:\/\/grandex.ba\/index.php\/pravila-o-privatnosti\/","og_site_name":"Grandex Posu\u0161je","article_publisher":"https:\/\/www.facebook.com\/grandexposusje\/","twitter_card":"summary_large_image","twitter_misc":{"Est. reading time":"11 minutes"},"schema":{"@context":"https:\/\/schema.org","@graph":[{"@type":"WebPage","@id":"https:\/\/grandex.ba\/index.php\/pravila-o-privatnosti\/","url":"https:\/\/grandex.ba\/index.php\/pravila-o-privatnosti\/","name":"Pravila o privatnosti - Grandex Posu\u0161je","isPartOf":{"@id":"https:\/\/grandex.ba\/#website"},"datePublished":"2024-03-07T13:44:03+00:00","description":"Grandex lokalni prodajni tim za AdBlue tu je da vam pru\u017ei svoju stru\u010dnost. Bilo da ste preprodava\u010d, vlasnik dvori\u0161ta ili benzinske postaje ili komercijalni operater voznog parka, mo\u017eete ra\u010dunati na nas.","breadcrumb":{"@id":"https:\/\/grandex.ba\/index.php\/pravila-o-privatnosti\/#breadcrumb"},"inLanguage":"en-US","potentialAction":[{"@type":"ReadAction","target":["https:\/\/grandex.ba\/index.php\/pravila-o-privatnosti\/"]}]},{"@type":"BreadcrumbList","@id":"https:\/\/grandex.ba\/index.php\/pravila-o-privatnosti\/#breadcrumb","itemListElement":[{"@type":"ListItem","position":1,"name":"Home","item":"https:\/\/grandex.ba\/"},{"@type":"ListItem","position":2,"name":"Pravila o privatnosti"}]},{"@type":"WebSite","@id":"https:\/\/grandex.ba\/#website","url":"https:\/\/grandex.ba\/","name":"Grandex Posu\u0161je","description":"Va\u0161 parnter za AdBlue aditiv","publisher":{"@id":"https:\/\/grandex.ba\/#organization"},"potentialAction":[{"@type":"SearchAction","target":{"@type":"EntryPoint","urlTemplate":"https:\/\/grandex.ba\/?s={search_term_string}"},"query-input":{"@type":"PropertyValueSpecification","valueRequired":true,"valueName":"search_term_string"}}],"inLanguage":"en-US"},{"@type":"Organization","@id":"https:\/\/grandex.ba\/#organization","name":"Grandex Posu\u0161je","url":"https:\/\/grandex.ba\/","logo":{"@type":"ImageObject","inLanguage":"en-US","@id":"https:\/\/grandex.ba\/#\/schema\/logo\/image\/","url":"https:\/\/grandex.ba\/wp-content\/uploads\/2024\/03\/grandex-logo-1.png","contentUrl":"https:\/\/grandex.ba\/wp-content\/uploads\/2024\/03\/grandex-logo-1.png","width":982,"height":240,"caption":"Grandex Posu\u0161je"},"image":{"@id":"https:\/\/grandex.ba\/#\/schema\/logo\/image\/"},"sameAs":["https:\/\/www.facebook.com\/grandexposusje\/"]}]}},"_links":{"self":[{"href":"https:\/\/grandex.ba\/index.php\/wp-json\/wp\/v2\/pages\/61","targetHints":{"allow":["GET"]}}],"collection":[{"href":"https:\/\/grandex.ba\/index.php\/wp-json\/wp\/v2\/pages"}],"about":[{"href":"https:\/\/grandex.ba\/index.php\/wp-json\/wp\/v2\/types\/page"}],"author":[{"embeddable":true,"href":"https:\/\/grandex.ba\/index.php\/wp-json\/wp\/v2\/users\/1"}],"replies":[{"embeddable":true,"href":"https:\/\/grandex.ba\/index.php\/wp-json\/wp\/v2\/comments?post=61"}],"version-history":[{"count":1,"href":"https:\/\/grandex.ba\/index.php\/wp-json\/wp\/v2\/pages\/61\/revisions"}],"predecessor-version":[{"id":62,"href":"https:\/\/grandex.ba\/index.php\/wp-json\/wp\/v2\/pages\/61\/revisions\/62"}],"wp:attachment":[{"href":"https:\/\/grandex.ba\/index.php\/wp-json\/wp\/v2\/media?parent=61"}],"curies":[{"name":"wp","href":"https:\/\/api.w.org\/{rel}","templated":true}]}}