{"id":2,"date":"2024-03-06T20:10:42","date_gmt":"2024-03-06T20:10:42","guid":{"rendered":"https:\/\/grandex.ba\/?page_id=2"},"modified":"2024-03-07T10:30:11","modified_gmt":"2024-03-07T10:30:11","slug":"kontakt","status":"publish","type":"page","link":"https:\/\/grandex.ba\/index.php\/kontakt\/","title":{"rendered":"Kontakt"},"content":{"rendered":"\n<div class=\"wp-block-group alignfull has-global-padding is-layout-constrained wp-container-core-group-is-layout-d89aad35 wp-block-group-is-layout-constrained\" style=\"margin-top:0;margin-bottom:0;padding-top:var(--wp--preset--spacing--50);padding-right:var(--wp--preset--spacing--50);padding-bottom:var(--wp--preset--spacing--50);padding-left:var(--wp--preset--spacing--50)\">\n<h2 class=\"wp-block-heading alignwide has-x-large-font-size\" style=\"margin-top:0;margin-bottom:var(--wp--preset--spacing--40);line-height:1\">Kontaktirajte nas!<\/h2>\n\n\n\n<p class=\"has-text-align-left\">Kontakt telefon: <a href=\"tel:+38763385700\">+387 63 385 700<\/a><\/p>\n\n\n\n<div class=\"wp-block-group alignwide has-global-padding is-layout-constrained wp-block-group-is-layout-constrained\">\n<div class=\"wp-block-query alignwide is-layout-flow wp-block-query-is-layout-flow\">\n\n\n<div style=\"height:var(--wp--preset--spacing--30)\" aria-hidden=\"true\" class=\"wp-block-spacer\"><\/div>\n\n\n\n<form method=\"post\" class=\"wp-block-gutena-forms gutena-forms-contact-form gutena_forms_ID_d38fa235f7_632024214055 input-box-border-bottom-only after_submit_message is-layout-flow wp-container-gutena-forms-is-layout-087378d9 wp-block-gutena-forms-is-layout-flow\" style=\"padding-top:2rem;padding-right:1.25rem;padding-bottom:5rem;padding-left:1.25rem\"><input type=\"hidden\" name=\"formid\" value=\"gutena_forms_ID_d38fa235f7_632024214055\"\/>\n<div class=\"wp-block-columns alignfull are-vertically-aligned-top is-layout-flex wp-container-core-columns-is-layout-28f84493 wp-block-columns-is-layout-flex\">\n<div class=\"wp-block-column is-vertically-aligned-top is-layout-flow wp-block-column-is-layout-flow\">\n<div class=\"wp-block-gutena-field-group  field-group-type-text is-layout-flow wp-block-gutena-field-group-is-layout-flow\">\n<div class=\"wp-block-group is-vertical is-layout-flex wp-container-core-group-is-layout-501cef26 wp-block-group-is-layout-flex\">\n<h3 class=\"wp-block-heading heading-input-label-gutena\">Ime<\/h3>\n\n\n<div class=\"gutena-forms-text-field field-name-first_name  wp-block-gutena-form-field\"><input\n\t\t\t\tid=\"first_name\"\n\t\t\t\t name=\"first_name\" type=\"text\" class=\"gutena-forms-field text-field required-field  \" placeholder=\"Unesite svoje ime\"  required\n\t\t\t\t\/><\/div><\/div>\n\n\n\n<p class=\"gutena-forms-field-error-msg\"><\/p>\n<\/div>\n<\/div>\n\n\n\n<div class=\"wp-block-column is-vertically-aligned-top is-layout-flow wp-block-column-is-layout-flow\">\n<div class=\"wp-block-gutena-field-group  field-group-type-email is-layout-flow wp-block-gutena-field-group-is-layout-flow\">\n<div class=\"wp-block-group is-vertical is-layout-flex wp-container-core-group-is-layout-501cef26 wp-block-group-is-layout-flex\">\n<h3 class=\"wp-block-heading heading-input-label-gutena\">Email<\/h3>\n\n\n<div class=\"gutena-forms-email-field field-name-email  wp-block-gutena-form-field\"><input\n\t\t\t\tid=\"email\"\n\t\t\t\t name=\"email\" type=\"email\" class=\"gutena-forms-field email-field required-field  \" placeholder=\"example@gmail.com\"  required\n\t\t\t\t\/><\/div><\/div>\n\n\n\n<p class=\"gutena-forms-field-error-msg\"><\/p>\n<\/div>\n<\/div>\n<\/div>\n\n\n\n<div class=\"wp-block-columns alignfull are-vertically-aligned-top is-layout-flex wp-container-core-columns-is-layout-28f84493 wp-block-columns-is-layout-flex\">\n<div class=\"wp-block-column is-vertically-aligned-top is-layout-flow wp-block-column-is-layout-flow\">\n<div class=\"wp-block-gutena-field-group  field-group-type-textarea is-layout-flow wp-block-gutena-field-group-is-layout-flow\">\n<div class=\"wp-block-group is-vertical is-layout-flex wp-container-core-group-is-layout-501cef26 wp-block-group-is-layout-flex\">\n<h3 class=\"wp-block-heading heading-input-label-gutena\">Poruka<\/h3>\n\n\n<div class=\"gutena-forms-textarea-field field-name-message  wp-block-gutena-form-field\"><textarea\n\t\t\t\tid=\"message\"\n\t\t\t\t name=\"message\" rows=\"5\" class=\"gutena-forms-field textarea-field required-field  \" placeholder=\"Ovdje upi\u0161ite svoju poruku\"  required\n\t\t\t\t><\/textarea><\/div><\/div>\n\n\n\n<p class=\"gutena-forms-field-error-msg\"><\/p>\n<\/div>\n<\/div>\n<\/div>\n\n\n\n<div class=\"wp-block-columns alignfull are-vertically-aligned-top is-layout-flex wp-container-core-columns-is-layout-28f84493 wp-block-columns-is-layout-flex\">\n<div class=\"wp-block-column is-vertically-aligned-top is-layout-flow wp-block-column-is-layout-flow\">\n<div class=\"wp-block-buttons gutena-forms-submit-buttons is-layout-flex wp-block-buttons-is-layout-flex\">\n<div class=\"wp-block-button gutena-forms-submit-button\"><button class=\"wp-block-button__link wp-element-button\">Submit<\/button><\/div>\n<\/div>\n<\/div>\n<\/div>\n\n\n\n<div class=\"wp-block-gutena-form-confirm-msg alignfull is-layout-flow wp-block-gutena-form-confirm-msg-is-layout-flow\">\n<div class=\"wp-block-group has-background is-content-justification-left is-nowrap is-layout-flex wp-container-core-group-is-layout-385d3396 wp-block-group-is-layout-flex\" style=\"border-radius:5px;background-color:#d8eacc;padding-top:12px;padding-right:12px;padding-bottom:12px;padding-left:12px\">\n<figure class=\"wp-block-image size-large form-message-icon\"><img decoding=\"async\" src=\"data:image\/svg+xml;base64,PHN2ZyB3aWR0aD0iMTYiIGhlaWdodD0iMTYiIHZpZXdCb3g9IjAgMCAxNiAxNiIgZmlsbD0ibm9uZSIgeG1sbnM9Imh0dHA6Ly93d3cudzMub3JnLzIwMDAvc3ZnIj4KPHBhdGggZD0iTTggMTZDMy41ODE2IDE2IDAgMTIuNDE4NCAwIDhDMCAzLjU4MTYgMy41ODE2IDAgOCAwQzEyLjQxODQgMCAxNiAzLjU4MTYgMTYgOEMxNiAxMi40MTg0IDEyLjQxODQgMTYgOCAxNlpNOCAxNC40QzkuNjk3MzkgMTQuNCAxMS4zMjUzIDEzLjcyNTcgMTIuNTI1NSAxMi41MjU1QzEzLjcyNTcgMTEuMzI1MyAxNC40IDkuNjk3MzkgMTQuNCA4QzE0LjQgNi4zMDI2MSAxMy43MjU3IDQuNjc0NzUgMTIuNTI1NSAzLjQ3NDUyQzExLjMyNTMgMi4yNzQyOCA5LjY5NzM5IDEuNiA4IDEuNkM2LjMwMjYxIDEuNiA0LjY3NDc1IDIuMjc0MjggMy40NzQ1MiAzLjQ3NDUyQzIuMjc0MjggNC42NzQ3NSAxLjYgNi4zMDI2MSAxLjYgOEMxLjYgOS42OTczOSAyLjI3NDI4IDExLjMyNTMgMy40NzQ1MiAxMi41MjU1QzQuNjc0NzUgMTMuNzI1NyA2LjMwMjYxIDE0LjQgOCAxNC40Wk03LjIwMjQgMTEuMkwzLjgwOCA3LjgwNTZMNC45MzkyIDYuNjc0NEw3LjIwMjQgOC45Mzc2TDExLjcyNzIgNC40MTJMMTIuODU5MiA1LjU0MzJMNy4yMDI0IDExLjJaIiBmaWxsPSIjNDY4NDFFIi8+Cjwvc3ZnPgo=\" alt=\"Success\" class=\"wp-image-3811\"\/><\/figure>\n\n\n\n<p class=\"has-black-color has-text-color has-tiny-font-size\" style=\"font-size:12px;font-style:normal;font-weight:500;line-height:1.2\">Va\u0161a poruka je poslana uspje\u0161no!<\/p>\n<\/div>\n<\/div>\n\n\n\n<div class=\"wp-block-gutena-form-error-msg alignfull is-layout-flow wp-block-gutena-form-error-msg-is-layout-flow\">\n<div class=\"wp-block-group has-background is-content-justification-left is-nowrap is-layout-flex wp-container-core-group-is-layout-385d3396 wp-block-group-is-layout-flex\" style=\"border-radius:5px;background-color:#ffd3d3;padding-top:12px;padding-right:12px;padding-bottom:12px;padding-left:12px\">\n<figure class=\"wp-block-image size-large form-message-icon\"><img decoding=\"async\" src=\"data:image\/svg+xml;base64,PHN2ZyB3aWR0aD0iMTYiIGhlaWdodD0iMTYiIHZpZXdCb3g9IjAgMCAxNiAxNiIgZmlsbD0ibm9uZSIgeG1sbnM9Imh0dHA6Ly93d3cudzMub3JnLzIwMDAvc3ZnIj4KPHBhdGggZD0iTTggMTZDMy41ODE2IDE2IDAgMTIuNDE4NCAwIDhDMCAzLjU4MTYgMy41ODE2IDAgOCAwQzEyLjQxODQgMCAxNiAzLjU4MTYgMTYgOEMxNiAxMi40MTg0IDEyLjQxODQgMTYgOCAxNlpNOCAxNC40QzkuNjk3MzkgMTQuNCAxMS4zMjUzIDEzLjcyNTcgMTIuNTI1NSAxMi41MjU1QzEzLjcyNTcgMTEuMzI1MyAxNC40IDkuNjk3MzkgMTQuNCA4QzE0LjQgNi4zMDI2MSAxMy43MjU3IDQuNjc0NzUgMTIuNTI1NSAzLjQ3NDUyQzExLjMyNTMgMi4yNzQyOCA5LjY5NzM5IDEuNiA4IDEuNkM2LjMwMjYxIDEuNiA0LjY3NDc1IDIuMjc0MjggMy40NzQ1MiAzLjQ3NDUyQzIuMjc0MjggNC42NzQ3NSAxLjYgNi4zMDI2MSAxLjYgOEMxLjYgOS42OTczOSAyLjI3NDI4IDExLjMyNTMgMy40NzQ1MiAxMi41MjU1QzQuNjc0NzUgMTMuNzI1NyA2LjMwMjYxIDE0LjQgOCAxNC40Wk03LjIgMTAuNEg4LjhWMTJINy4yVjEwLjRaTTcuMiA0SDguOFY4LjhINy4yVjRaIiBmaWxsPSIjQzUxOTE5Ii8+Cjwvc3ZnPgo=\" alt=\"Error\" class=\"wp-image-3811\"\/><\/figure>\n\n\n\n<p class=\"gutena-forms-error-text has-black-color has-text-color\" style=\"font-size:12px;font-style:normal;font-weight:500;line-height:1.2\">Oprostite! Va\u0161a poruka nije poslana ispravno, molimo vas provjerite polja iznad.<\/p>\n<\/div>\n<\/div>\n<\/form>\n<\/div>\n<\/div>\n<\/div>\n","protected":false},"excerpt":{"rendered":"<p>Kontaktirajte nas! Kontakt telefon: +387 63 385 700<\/p>\n","protected":false},"author":1,"featured_media":19,"parent":0,"menu_order":0,"comment_status":"closed","ping_status":"closed","template":"","meta":{"footnotes":""},"class_list":["post-2","page","type-page","status-publish","has-post-thumbnail","hentry"],"yoast_head":"<!-- This site is optimized with the Yoast SEO plugin v27.4 - https:\/\/yoast.com\/product\/yoast-seo-wordpress\/ -->\n<title>Kontakt - Grandex Posu\u0161je<\/title>\n<meta name=\"description\" content=\"Grandex lokalni prodajni tim za AdBlue tu je da vam pru\u017ei svoju stru\u010dnost. Bilo da ste preprodava\u010d, vlasnik dvori\u0161ta ili benzinske postaje ili komercijalni operater voznog parka, mo\u017eete ra\u010dunati na nas.\" \/>\n<meta name=\"robots\" content=\"index, follow, max-snippet:-1, max-image-preview:large, max-video-preview:-1\" \/>\n<link rel=\"canonical\" href=\"https:\/\/grandex.ba\/index.php\/kontakt\/\" \/>\n<meta property=\"og:locale\" content=\"en_US\" \/>\n<meta property=\"og:type\" content=\"article\" \/>\n<meta property=\"og:title\" content=\"Kontakt - Grandex Posu\u0161je\" \/>\n<meta property=\"og:description\" content=\"Grandex lokalni prodajni tim za AdBlue tu je da vam pru\u017ei svoju stru\u010dnost. Bilo da ste preprodava\u010d, vlasnik dvori\u0161ta ili benzinske postaje ili komercijalni operater voznog parka, mo\u017eete ra\u010dunati na nas.\" \/>\n<meta property=\"og:url\" content=\"https:\/\/grandex.ba\/index.php\/kontakt\/\" \/>\n<meta property=\"og:site_name\" content=\"Grandex Posu\u0161je\" \/>\n<meta property=\"article:publisher\" content=\"https:\/\/www.facebook.com\/grandexposusje\/\" \/>\n<meta property=\"article:modified_time\" content=\"2024-03-07T10:30:11+00:00\" \/>\n<meta property=\"og:image\" content=\"https:\/\/grandex.ba\/wp-content\/uploads\/2024\/03\/260406467_108436308337917_6437893057717741254_n.jpg\" \/>\n\t<meta property=\"og:image:width\" content=\"720\" \/>\n\t<meta property=\"og:image:height\" content=\"720\" \/>\n\t<meta property=\"og:image:type\" content=\"image\/jpeg\" \/>\n<meta name=\"twitter:card\" content=\"summary_large_image\" \/>\n<script type=\"application\/ld+json\" class=\"yoast-schema-graph\">{\"@context\":\"https:\\\/\\\/schema.org\",\"@graph\":[{\"@type\":\"WebPage\",\"@id\":\"https:\\\/\\\/grandex.ba\\\/index.php\\\/kontakt\\\/\",\"url\":\"https:\\\/\\\/grandex.ba\\\/index.php\\\/kontakt\\\/\",\"name\":\"Kontakt - Grandex Posu\u0161je\",\"isPartOf\":{\"@id\":\"https:\\\/\\\/grandex.ba\\\/#website\"},\"primaryImageOfPage\":{\"@id\":\"https:\\\/\\\/grandex.ba\\\/index.php\\\/kontakt\\\/#primaryimage\"},\"image\":{\"@id\":\"https:\\\/\\\/grandex.ba\\\/index.php\\\/kontakt\\\/#primaryimage\"},\"thumbnailUrl\":\"https:\\\/\\\/grandex.ba\\\/wp-content\\\/uploads\\\/2024\\\/03\\\/260406467_108436308337917_6437893057717741254_n.jpg\",\"datePublished\":\"2024-03-06T20:10:42+00:00\",\"dateModified\":\"2024-03-07T10:30:11+00:00\",\"description\":\"Grandex lokalni prodajni tim za AdBlue tu je da vam pru\u017ei svoju stru\u010dnost. Bilo da ste preprodava\u010d, vlasnik dvori\u0161ta ili benzinske postaje ili komercijalni operater voznog parka, mo\u017eete ra\u010dunati na nas.\",\"breadcrumb\":{\"@id\":\"https:\\\/\\\/grandex.ba\\\/index.php\\\/kontakt\\\/#breadcrumb\"},\"inLanguage\":\"en-US\",\"potentialAction\":[{\"@type\":\"ReadAction\",\"target\":[\"https:\\\/\\\/grandex.ba\\\/index.php\\\/kontakt\\\/\"]}]},{\"@type\":\"ImageObject\",\"inLanguage\":\"en-US\",\"@id\":\"https:\\\/\\\/grandex.ba\\\/index.php\\\/kontakt\\\/#primaryimage\",\"url\":\"https:\\\/\\\/grandex.ba\\\/wp-content\\\/uploads\\\/2024\\\/03\\\/260406467_108436308337917_6437893057717741254_n.jpg\",\"contentUrl\":\"https:\\\/\\\/grandex.ba\\\/wp-content\\\/uploads\\\/2024\\\/03\\\/260406467_108436308337917_6437893057717741254_n.jpg\",\"width\":720,\"height\":720,\"caption\":\"Grandex banner\"},{\"@type\":\"BreadcrumbList\",\"@id\":\"https:\\\/\\\/grandex.ba\\\/index.php\\\/kontakt\\\/#breadcrumb\",\"itemListElement\":[{\"@type\":\"ListItem\",\"position\":1,\"name\":\"Home\",\"item\":\"https:\\\/\\\/grandex.ba\\\/\"},{\"@type\":\"ListItem\",\"position\":2,\"name\":\"Kontakt\"}]},{\"@type\":\"WebSite\",\"@id\":\"https:\\\/\\\/grandex.ba\\\/#website\",\"url\":\"https:\\\/\\\/grandex.ba\\\/\",\"name\":\"Grandex Posu\u0161je\",\"description\":\"Va\u0161 parnter za AdBlue aditiv\",\"publisher\":{\"@id\":\"https:\\\/\\\/grandex.ba\\\/#organization\"},\"potentialAction\":[{\"@type\":\"SearchAction\",\"target\":{\"@type\":\"EntryPoint\",\"urlTemplate\":\"https:\\\/\\\/grandex.ba\\\/?s={search_term_string}\"},\"query-input\":{\"@type\":\"PropertyValueSpecification\",\"valueRequired\":true,\"valueName\":\"search_term_string\"}}],\"inLanguage\":\"en-US\"},{\"@type\":\"Organization\",\"@id\":\"https:\\\/\\\/grandex.ba\\\/#organization\",\"name\":\"Grandex Posu\u0161je\",\"url\":\"https:\\\/\\\/grandex.ba\\\/\",\"logo\":{\"@type\":\"ImageObject\",\"inLanguage\":\"en-US\",\"@id\":\"https:\\\/\\\/grandex.ba\\\/#\\\/schema\\\/logo\\\/image\\\/\",\"url\":\"https:\\\/\\\/grandex.ba\\\/wp-content\\\/uploads\\\/2024\\\/03\\\/grandex-logo-1.png\",\"contentUrl\":\"https:\\\/\\\/grandex.ba\\\/wp-content\\\/uploads\\\/2024\\\/03\\\/grandex-logo-1.png\",\"width\":982,\"height\":240,\"caption\":\"Grandex Posu\u0161je\"},\"image\":{\"@id\":\"https:\\\/\\\/grandex.ba\\\/#\\\/schema\\\/logo\\\/image\\\/\"},\"sameAs\":[\"https:\\\/\\\/www.facebook.com\\\/grandexposusje\\\/\"]}]}<\/script>\n<!-- \/ Yoast SEO plugin. -->","yoast_head_json":{"title":"Kontakt - Grandex Posu\u0161je","description":"Grandex lokalni prodajni tim za AdBlue tu je da vam pru\u017ei svoju stru\u010dnost. Bilo da ste preprodava\u010d, vlasnik dvori\u0161ta ili benzinske postaje ili komercijalni operater voznog parka, mo\u017eete ra\u010dunati na nas.","robots":{"index":"index","follow":"follow","max-snippet":"max-snippet:-1","max-image-preview":"max-image-preview:large","max-video-preview":"max-video-preview:-1"},"canonical":"https:\/\/grandex.ba\/index.php\/kontakt\/","og_locale":"en_US","og_type":"article","og_title":"Kontakt - Grandex Posu\u0161je","og_description":"Grandex lokalni prodajni tim za AdBlue tu je da vam pru\u017ei svoju stru\u010dnost. Bilo da ste preprodava\u010d, vlasnik dvori\u0161ta ili benzinske postaje ili komercijalni operater voznog parka, mo\u017eete ra\u010dunati na nas.","og_url":"https:\/\/grandex.ba\/index.php\/kontakt\/","og_site_name":"Grandex Posu\u0161je","article_publisher":"https:\/\/www.facebook.com\/grandexposusje\/","article_modified_time":"2024-03-07T10:30:11+00:00","og_image":[{"width":720,"height":720,"url":"https:\/\/grandex.ba\/wp-content\/uploads\/2024\/03\/260406467_108436308337917_6437893057717741254_n.jpg","type":"image\/jpeg"}],"twitter_card":"summary_large_image","schema":{"@context":"https:\/\/schema.org","@graph":[{"@type":"WebPage","@id":"https:\/\/grandex.ba\/index.php\/kontakt\/","url":"https:\/\/grandex.ba\/index.php\/kontakt\/","name":"Kontakt - Grandex Posu\u0161je","isPartOf":{"@id":"https:\/\/grandex.ba\/#website"},"primaryImageOfPage":{"@id":"https:\/\/grandex.ba\/index.php\/kontakt\/#primaryimage"},"image":{"@id":"https:\/\/grandex.ba\/index.php\/kontakt\/#primaryimage"},"thumbnailUrl":"https:\/\/grandex.ba\/wp-content\/uploads\/2024\/03\/260406467_108436308337917_6437893057717741254_n.jpg","datePublished":"2024-03-06T20:10:42+00:00","dateModified":"2024-03-07T10:30:11+00:00","description":"Grandex lokalni prodajni tim za AdBlue tu je da vam pru\u017ei svoju stru\u010dnost. Bilo da ste preprodava\u010d, vlasnik dvori\u0161ta ili benzinske postaje ili komercijalni operater voznog parka, mo\u017eete ra\u010dunati na nas.","breadcrumb":{"@id":"https:\/\/grandex.ba\/index.php\/kontakt\/#breadcrumb"},"inLanguage":"en-US","potentialAction":[{"@type":"ReadAction","target":["https:\/\/grandex.ba\/index.php\/kontakt\/"]}]},{"@type":"ImageObject","inLanguage":"en-US","@id":"https:\/\/grandex.ba\/index.php\/kontakt\/#primaryimage","url":"https:\/\/grandex.ba\/wp-content\/uploads\/2024\/03\/260406467_108436308337917_6437893057717741254_n.jpg","contentUrl":"https:\/\/grandex.ba\/wp-content\/uploads\/2024\/03\/260406467_108436308337917_6437893057717741254_n.jpg","width":720,"height":720,"caption":"Grandex banner"},{"@type":"BreadcrumbList","@id":"https:\/\/grandex.ba\/index.php\/kontakt\/#breadcrumb","itemListElement":[{"@type":"ListItem","position":1,"name":"Home","item":"https:\/\/grandex.ba\/"},{"@type":"ListItem","position":2,"name":"Kontakt"}]},{"@type":"WebSite","@id":"https:\/\/grandex.ba\/#website","url":"https:\/\/grandex.ba\/","name":"Grandex Posu\u0161je","description":"Va\u0161 parnter za AdBlue aditiv","publisher":{"@id":"https:\/\/grandex.ba\/#organization"},"potentialAction":[{"@type":"SearchAction","target":{"@type":"EntryPoint","urlTemplate":"https:\/\/grandex.ba\/?s={search_term_string}"},"query-input":{"@type":"PropertyValueSpecification","valueRequired":true,"valueName":"search_term_string"}}],"inLanguage":"en-US"},{"@type":"Organization","@id":"https:\/\/grandex.ba\/#organization","name":"Grandex Posu\u0161je","url":"https:\/\/grandex.ba\/","logo":{"@type":"ImageObject","inLanguage":"en-US","@id":"https:\/\/grandex.ba\/#\/schema\/logo\/image\/","url":"https:\/\/grandex.ba\/wp-content\/uploads\/2024\/03\/grandex-logo-1.png","contentUrl":"https:\/\/grandex.ba\/wp-content\/uploads\/2024\/03\/grandex-logo-1.png","width":982,"height":240,"caption":"Grandex Posu\u0161je"},"image":{"@id":"https:\/\/grandex.ba\/#\/schema\/logo\/image\/"},"sameAs":["https:\/\/www.facebook.com\/grandexposusje\/"]}]}},"_links":{"self":[{"href":"https:\/\/grandex.ba\/index.php\/wp-json\/wp\/v2\/pages\/2","targetHints":{"allow":["GET"]}}],"collection":[{"href":"https:\/\/grandex.ba\/index.php\/wp-json\/wp\/v2\/pages"}],"about":[{"href":"https:\/\/grandex.ba\/index.php\/wp-json\/wp\/v2\/types\/page"}],"author":[{"embeddable":true,"href":"https:\/\/grandex.ba\/index.php\/wp-json\/wp\/v2\/users\/1"}],"replies":[{"embeddable":true,"href":"https:\/\/grandex.ba\/index.php\/wp-json\/wp\/v2\/comments?post=2"}],"version-history":[{"count":8,"href":"https:\/\/grandex.ba\/index.php\/wp-json\/wp\/v2\/pages\/2\/revisions"}],"predecessor-version":[{"id":49,"href":"https:\/\/grandex.ba\/index.php\/wp-json\/wp\/v2\/pages\/2\/revisions\/49"}],"wp:featuredmedia":[{"embeddable":true,"href":"https:\/\/grandex.ba\/index.php\/wp-json\/wp\/v2\/media\/19"}],"wp:attachment":[{"href":"https:\/\/grandex.ba\/index.php\/wp-json\/wp\/v2\/media?parent=2"}],"curies":[{"name":"wp","href":"https:\/\/api.w.org\/{rel}","templated":true}]}}